{"id":46,"date":"2023-03-31T12:29:01","date_gmt":"2023-03-31T12:29:01","guid":{"rendered":"https:\/\/www.pederkarlsson.com\/?page_id=46"},"modified":"2025-06-03T19:32:38","modified_gmt":"2025-06-03T19:32:38","slug":"about","status":"publish","type":"page","link":"https:\/\/www.pederkarlsson.com\/sv\/about\/","title":{"rendered":"Om"},"content":{"rendered":"<div data-elementor-type=\"wp-page\" data-elementor-id=\"46\" class=\"elementor elementor-46\" data-elementor-post-type=\"page\">\n\t\t\t\t<div class=\"elementor-element elementor-element-67c6e51 e-flex e-con-boxed e-con e-parent\" data-id=\"67c6e51\" data-element_type=\"container\" data-settings=\"{&quot;background_background&quot;:&quot;classic&quot;}\">\n\t\t\t\t\t<div class=\"e-con-inner\">\n\t\t\t\t\t<\/div>\n\t\t\t\t<\/div>\n\t\t<div class=\"elementor-element elementor-element-501f7bc e-flex e-con-boxed e-con e-parent\" data-id=\"501f7bc\" data-element_type=\"container\">\n\t\t\t\t\t<div class=\"e-con-inner\">\n\t\t<div class=\"elementor-element elementor-element-ffd957a e-flex e-con-boxed e-con e-child\" data-id=\"ffd957a\" data-element_type=\"container\">\n\t\t\t\t\t<div class=\"e-con-inner\">\n\t\t\t\t<div class=\"elementor-element elementor-element-ff48e3d elementor-widget elementor-widget-heading\" data-id=\"ff48e3d\" data-element_type=\"widget\" data-widget_type=\"heading.default\">\n\t\t\t\t<div class=\"elementor-widget-container\">\n\t\t\t<h2 class=\"elementor-heading-title elementor-size-default\">Kommande<\/h2>\t\t<\/div>\n\t\t\t\t<\/div>\n\t\t\t\t<div class=\"elementor-element elementor-element-2cccc2b elementor-widget-divider--view-line elementor-widget elementor-widget-divider\" data-id=\"2cccc2b\" data-element_type=\"widget\" data-widget_type=\"divider.default\">\n\t\t\t\t<div class=\"elementor-widget-container\">\n\t\t\t\t\t<div class=\"elementor-divider\">\n\t\t\t<span class=\"elementor-divider-separator\">\n\t\t\t\t\t\t<\/span>\n\t\t<\/div>\n\t\t\t\t<\/div>\n\t\t\t\t<\/div>\n\t\t\t\t<div class=\"elementor-element elementor-element-29d0f2b elementor-widget elementor-widget-menu-anchor\" data-id=\"29d0f2b\" data-element_type=\"widget\" data-widget_type=\"menu-anchor.default\">\n\t\t\t\t<div class=\"elementor-widget-container\">\n\t\t\t\t\t<div class=\"elementor-menu-anchor\" id=\"about-me\"><\/div>\n\t\t\t\t<\/div>\n\t\t\t\t<\/div>\n\t\t\t\t<div class=\"elementor-element elementor-element-75bb281 elementor-widget elementor-widget-heading\" data-id=\"75bb281\" data-element_type=\"widget\" data-widget_type=\"heading.default\">\n\t\t\t\t<div class=\"elementor-widget-container\">\n\t\t\t<h2 class=\"elementor-heading-title elementor-size-default\">Om mig<\/h2>\t\t<\/div>\n\t\t\t\t<\/div>\n\t\t\t\t<div class=\"elementor-element elementor-element-0a0d204 elementor-widget elementor-widget-text-editor\" data-id=\"0a0d204\" data-element_type=\"widget\" data-widget_type=\"text-editor.default\">\n\t\t\t\t<div class=\"elementor-widget-container\">\n\t\t\t\t\t\t\t<p>Jag har en bakgrund som a cappella-s\u00e5ngare, arrang\u00f6r, komposit\u00f6r och l\u00e4rare i innovativ k\u00f6rledning.<\/p><p>Jag erbjuder workshops, seminarier, kurser och coachning f\u00f6r k\u00f6rer, k\u00f6rs\u00e5ngare och k\u00f6rledare, samt utbildningsmaterial f\u00f6r individuell och grupp\u00f6vning. Ibland g\u00f6r jag arrangemang och kompositioner p\u00e5 best\u00e4llning. Mitt arbete handlar om personligt musikaliskt uttryck och utforskande av nya verktyg f\u00f6r att inspirera andra att frig\u00f6ra sin musikaliska potential och kreativitet.<\/p><p>Att f\u00e5 observera och leda s\u00e5ngares samspel i vokalgrupper och k\u00f6rer \u00e4r f\u00f6r mig o\u00e4ndligt fascinerande.<\/p>\t\t\t\t\t\t<\/div>\n\t\t\t\t<\/div>\n\t\t\t\t<div class=\"elementor-element elementor-element-66e99c0 elementor-widget elementor-widget-menu-anchor\" data-id=\"66e99c0\" data-element_type=\"widget\" data-widget_type=\"menu-anchor.default\">\n\t\t\t\t<div class=\"elementor-widget-container\">\n\t\t\t\t\t<div class=\"elementor-menu-anchor\" id=\"learning\"><\/div>\n\t\t\t\t<\/div>\n\t\t\t\t<\/div>\n\t\t\t\t<div class=\"elementor-element elementor-element-ce2c0f1 elementor-widget elementor-widget-heading\" data-id=\"ce2c0f1\" data-element_type=\"widget\" data-widget_type=\"heading.default\">\n\t\t\t\t<div class=\"elementor-widget-container\">\n\t\t\t<h2 class=\"elementor-heading-title elementor-size-default\">L\u00e4rande<\/h2>\t\t<\/div>\n\t\t\t\t<\/div>\n\t\t\t\t<div class=\"elementor-element elementor-element-d7c0515 elementor-widget elementor-widget-text-editor\" data-id=\"d7c0515\" data-element_type=\"widget\" data-widget_type=\"text-editor.default\">\n\t\t\t\t<div class=\"elementor-widget-container\">\n\t\t\t\t\t\t\t<p>Att sjunga tillsammans \u00e4r en konstform som f\u00f6ruts\u00e4tter b\u00e5de individuella och kollektiva f\u00f6rm\u00e5gor hos s\u00e5ngarna.<\/p><p>Oavsett om din k\u00f6r f\u00e5r en coaching av mig, eller om du deltar p\u00e5 en lektion, en workshop eller en kurs, f\u00e5r du tr\u00e4na p\u00e5 att ta initiativ och att ge support. Att varva mellan att ta plats, sticka ut och att lyssna in dig p\u00e5 helheten.<\/p>\t\t\t\t\t\t<\/div>\n\t\t\t\t<\/div>\n\t\t\t\t<div class=\"elementor-element elementor-element-fbfdda4 elementor-widget elementor-widget-menu-anchor\" data-id=\"fbfdda4\" data-element_type=\"widget\" data-widget_type=\"menu-anchor.default\">\n\t\t\t\t<div class=\"elementor-widget-container\">\n\t\t\t\t\t<div class=\"elementor-menu-anchor\" id=\"artistry\"><\/div>\n\t\t\t\t<\/div>\n\t\t\t\t<\/div>\n\t\t\t\t<div class=\"elementor-element elementor-element-4a35e22 elementor-widget elementor-widget-heading\" data-id=\"4a35e22\" data-element_type=\"widget\" data-widget_type=\"heading.default\">\n\t\t\t\t<div class=\"elementor-widget-container\">\n\t\t\t<h2 class=\"elementor-heading-title elementor-size-default\">Att vara artist<\/h2>\t\t<\/div>\n\t\t\t\t<\/div>\n\t\t\t\t<div class=\"elementor-element elementor-element-7686f0d elementor-widget elementor-widget-text-editor\" data-id=\"7686f0d\" data-element_type=\"widget\" data-widget_type=\"text-editor.default\">\n\t\t\t\t<div class=\"elementor-widget-container\">\n\t\t\t\t\t\t\t<p>N\u00e4r du g\u00e5r in p\u00e5 scenen tillsammans med dina meds\u00e5ngare handlar det om att engagera sig tillsammans med varandra och med publiken, h\u00e4r och nu. Alla f\u00f6rberedelser \u00e4r nu f\u00f6rbi. Ju mer du har assimilerat musiken s\u00e5 att den \u00e4r en naturlig del av dig, desto st\u00f6rre f\u00f6ruts\u00e4ttningar har du att f\u00f6rmedla essensen i musiken.<\/p>\t\t\t\t\t\t<\/div>\n\t\t\t\t<\/div>\n\t\t\t\t\t<\/div>\n\t\t\t\t<\/div>\n\t\t\t\t\t<\/div>\n\t\t\t\t<\/div>\n\t\t\t\t<\/div>","protected":false},"excerpt":{"rendered":"<p>Upcoming About me I have a background as an a cappella singer, arranger, composer and teacher of innovative choir direction. My work includes personal musical expression as well as exploration of new tools to inspire others to unlock their musical potential and creativity. I offer workshops, seminars, courses and coaching sessions for choirs, choir singers [&hellip;]<\/p>","protected":false},"author":1,"featured_media":0,"parent":0,"menu_order":0,"comment_status":"closed","ping_status":"closed","template":"","meta":{"site-sidebar-layout":"no-sidebar","site-content-layout":"page-builder","ast-site-content-layout":"","site-content-style":"default","site-sidebar-style":"default","ast-global-header-display":"","ast-banner-title-visibility":"","ast-main-header-display":"","ast-hfb-above-header-display":"","ast-hfb-below-header-display":"","ast-hfb-mobile-header-display":"","site-post-title":"disabled","ast-breadcrumbs-content":"","ast-featured-img":"disabled","footer-sml-layout":"","theme-transparent-header-meta":"","adv-header-id-meta":"","stick-header-meta":"","header-above-stick-meta":"","header-main-stick-meta":"","header-below-stick-meta":"","astra-migrate-meta-layouts":"default","ast-page-background-enabled":"default","ast-page-background-meta":{"desktop":{"background-color":"var(--ast-global-color-4)","background-image":"","background-repeat":"repeat","background-position":"center center","background-size":"auto","background-attachment":"scroll","background-type":"","background-media":"","overlay-type":"","overlay-color":"","overlay-opacity":"","overlay-gradient":""},"tablet":{"background-color":"","background-image":"","background-repeat":"repeat","background-position":"center center","background-size":"auto","background-attachment":"scroll","background-type":"","background-media":"","overlay-type":"","overlay-color":"","overlay-opacity":"","overlay-gradient":""},"mobile":{"background-color":"","background-image":"","background-repeat":"repeat","background-position":"center center","background-size":"auto","background-attachment":"scroll","background-type":"","background-media":"","overlay-type":"","overlay-color":"","overlay-opacity":"","overlay-gradient":""}},"ast-content-background-meta":{"desktop":{"background-color":"var(--ast-global-color-5)","background-image":"","background-repeat":"repeat","background-position":"center center","background-size":"auto","background-attachment":"scroll","background-type":"","background-media":"","overlay-type":"","overlay-color":"","overlay-opacity":"","overlay-gradient":""},"tablet":{"background-color":"var(--ast-global-color-5)","background-image":"","background-repeat":"repeat","background-position":"center center","background-size":"auto","background-attachment":"scroll","background-type":"","background-media":"","overlay-type":"","overlay-color":"","overlay-opacity":"","overlay-gradient":""},"mobile":{"background-color":"var(--ast-global-color-5)","background-image":"","background-repeat":"repeat","background-position":"center center","background-size":"auto","background-attachment":"scroll","background-type":"","background-media":"","overlay-type":"","overlay-color":"","overlay-opacity":"","overlay-gradient":""}},"footnotes":""},"class_list":["post-46","page","type-page","status-publish","hentry"],"_links":{"self":[{"href":"https:\/\/www.pederkarlsson.com\/sv\/wp-json\/wp\/v2\/pages\/46","targetHints":{"allow":["GET"]}}],"collection":[{"href":"https:\/\/www.pederkarlsson.com\/sv\/wp-json\/wp\/v2\/pages"}],"about":[{"href":"https:\/\/www.pederkarlsson.com\/sv\/wp-json\/wp\/v2\/types\/page"}],"author":[{"embeddable":true,"href":"https:\/\/www.pederkarlsson.com\/sv\/wp-json\/wp\/v2\/users\/1"}],"replies":[{"embeddable":true,"href":"https:\/\/www.pederkarlsson.com\/sv\/wp-json\/wp\/v2\/comments?post=46"}],"version-history":[{"count":125,"href":"https:\/\/www.pederkarlsson.com\/sv\/wp-json\/wp\/v2\/pages\/46\/revisions"}],"predecessor-version":[{"id":1126,"href":"https:\/\/www.pederkarlsson.com\/sv\/wp-json\/wp\/v2\/pages\/46\/revisions\/1126"}],"wp:attachment":[{"href":"https:\/\/www.pederkarlsson.com\/sv\/wp-json\/wp\/v2\/media?parent=46"}],"curies":[{"name":"wp","href":"https:\/\/api.w.org\/{rel}","templated":true}]}}